{"id":1052,"date":"2022-09-07T01:11:07","date_gmt":"2022-09-07T01:11:07","guid":{"rendered":"https:\/\/www.dejanmalic-tennisacademy.com\/?page_id=1052"},"modified":"2024-09-09T10:31:24","modified_gmt":"2024-09-09T10:31:24","slug":"datenschutz","status":"publish","type":"page","link":"https:\/\/www.dejanmalic-tennisacademy.com\/index.php\/datenschutz\/","title":{"rendered":"Datenschutz"},"content":{"rendered":"\t\t<div data-elementor-type=\"wp-page\" data-elementor-id=\"1052\" class=\"elementor elementor-1052\">\n\t\t\t\t\t\t\t\t\t<section class=\"elementor-section elementor-top-section elementor-element elementor-element-6161025 elementor-section-boxed elementor-section-height-default elementor-section-height-default\" data-id=\"6161025\" data-element_type=\"section\">\n\t\t\t\t\t\t<div class=\"elementor-container elementor-column-gap-default\">\n\t\t\t\t\t<div class=\"elementor-column elementor-col-100 elementor-top-column elementor-element elementor-element-235bb57\" data-id=\"235bb57\" data-element_type=\"column\">\n\t\t\t<div class=\"elementor-widget-wrap elementor-element-populated\">\n\t\t\t\t\t\t\t\t<div class=\"elementor-element elementor-element-4fe9060 elementor-widget elementor-widget-spacer\" data-id=\"4fe9060\" data-element_type=\"widget\" data-widget_type=\"spacer.default\">\n\t\t\t\t<div class=\"elementor-widget-container\">\n\t\t\t<style>\/*! elementor - v3.6.8 - 27-07-2022 *\/\n.e-container.e-container--row .elementor-spacer-inner{width:var(--spacer-size)}.e-container.e-container--column .elementor-spacer-inner,.elementor-column .elementor-spacer-inner{height:var(--spacer-size)}<\/style>\t\t<div class=\"elementor-spacer\">\n\t\t\t<div class=\"elementor-spacer-inner\"><\/div>\n\t\t<\/div>\n\t\t\t\t<\/div>\n\t\t\t\t<\/div>\n\t\t\t\t\t<\/div>\n\t\t<\/div>\n\t\t\t\t\t\t\t<\/div>\n\t\t<\/section>\n\t\t\t\t<section class=\"elementor-section elementor-top-section elementor-element elementor-element-7602aca elementor-section-boxed elementor-section-height-default elementor-section-height-default\" data-id=\"7602aca\" data-element_type=\"section\">\n\t\t\t\t\t\t<div class=\"elementor-container elementor-column-gap-default\">\n\t\t\t\t\t<div class=\"elementor-column elementor-col-100 elementor-top-column elementor-element elementor-element-b936d0c\" data-id=\"b936d0c\" data-element_type=\"column\">\n\t\t\t<div class=\"elementor-widget-wrap elementor-element-populated\">\n\t\t\t\t\t\t\t\t<div class=\"elementor-element elementor-element-0918352 elementor-widget elementor-widget-heading\" data-id=\"0918352\" data-element_type=\"widget\" data-widget_type=\"heading.default\">\n\t\t\t\t<div class=\"elementor-widget-container\">\n\t\t\t<style>\/*! elementor - v3.6.8 - 27-07-2022 *\/\n.elementor-heading-title{padding:0;margin:0;line-height:1}.elementor-widget-heading .elementor-heading-title[class*=elementor-size-]>a{color:inherit;font-size:inherit;line-height:inherit}.elementor-widget-heading .elementor-heading-title.elementor-size-small{font-size:15px}.elementor-widget-heading .elementor-heading-title.elementor-size-medium{font-size:19px}.elementor-widget-heading .elementor-heading-title.elementor-size-large{font-size:29px}.elementor-widget-heading .elementor-heading-title.elementor-size-xl{font-size:39px}.elementor-widget-heading .elementor-heading-title.elementor-size-xxl{font-size:59px}<\/style><h2 class=\"elementor-heading-title elementor-size-default\">Impressum<\/h2>\t\t<\/div>\n\t\t\t\t<\/div>\n\t\t\t\t<div class=\"elementor-element elementor-element-5bed437 elementor-widget elementor-widget-text-editor\" data-id=\"5bed437\" data-element_type=\"widget\" data-widget_type=\"text-editor.default\">\n\t\t\t\t<div class=\"elementor-widget-container\">\n\t\t\t<style>\/*! elementor - v3.6.8 - 27-07-2022 *\/\n.elementor-widget-text-editor.elementor-drop-cap-view-stacked .elementor-drop-cap{background-color:#818a91;color:#fff}.elementor-widget-text-editor.elementor-drop-cap-view-framed .elementor-drop-cap{color:#818a91;border:3px solid;background-color:transparent}.elementor-widget-text-editor:not(.elementor-drop-cap-view-default) .elementor-drop-cap{margin-top:8px}.elementor-widget-text-editor:not(.elementor-drop-cap-view-default) .elementor-drop-cap-letter{width:1em;height:1em}.elementor-widget-text-editor .elementor-drop-cap{float:left;text-align:center;line-height:1;font-size:50px}.elementor-widget-text-editor .elementor-drop-cap-letter{display:inline-block}<\/style>\t\t\t\t<h1>DEJAN MALIC TENNIS ACADEMY<\/h1><p>Der Schutz Ihrer Privatsph\u00e4re bei der Verarbeitung pers\u00f6nlicher Daten ist f\u00fcr uns ein wichtiges Anliegen. Wir erheben, verarbeiten und nutzen Ihre pers\u00f6nlichen Daten ausschlie\u00dflich in \u00dcbereinstimmung mit den nachfolgend beschriebenen Grunds\u00e4tzen und unter Beachtung der anwendbaren Datenschutzgesetze.<\/p><h3><strong>NAME UND KONTAKTDATEN DES F\u00dcR DIE VERARBEITUNG VERANTWORTLICHEN<\/strong><\/h3><p>Diese Datenschutz-Information gilt f\u00fcr die Datenverarbeitung durch:<\/p><p>Dejan Malic Tennis Academy<br \/>Landshuterstr. 21<\/p><p>85716 Unterschlei\u00dfheim<\/p><p>Tel.: +49 176 43444034<br \/>www.dejan-malic.de<br \/>www.dejanmalic-tennisacademy.com<br \/>kontakt@dejanmalic-tennisacademy.com<br \/>(nachfolgend \u201eDejan Malic Tennisacademy\u201c oder \u201ewir\u201c)<\/p><h3><strong>ERHEBUNG UND SPEICHERUNG PERSONENBEZOGENER DATEN SOWIE ART UND ZWECK VON DEREN VERWENDUNG<\/strong><\/h3><p>Beim Aufrufen der Website http:\/\/www.dejan-malic.de oder dejanmalic-tennisacademy.com werden durch den auf Ihrem Endger\u00e4t zum Einsatz kommenden Browser automatisch Informationen an den Server unserer Website gesendet. Diese Informationen werden tempor\u00e4r in einem sog. Logfile gespeichert. Folgende Informationen werden dabei ohne Ihr Zutun erfasst und bis zur automatisierten L\u00f6schung entsprechend den anwendbaren datenschutzrechtlichen Vorschriften gespeichert:<\/p><p>IP-Adresse des anfragenden Rechners,<\/p><p>Datum und Uhrzeit des Zugriffs,<\/p><p>Name und URL der abgerufenen Datei,<\/p><p>Website, von der aus der Zugriff erfolgt (Referrer-URL),<\/p><p>verwendeter Browser und ggf. das Betriebssystem Ihres Rechners sowie der Name Ihres Access-Providers.<\/p><p>Die genannten Daten werden durch uns zu folgenden Zwecken verarbeitet:<\/p><p>Gew\u00e4hrleistung eines reibungslosen Verbindungsaufbaus der Website,<\/p><p>Gew\u00e4hrleistung einer komfortablen Nutzung unserer Website,<\/p><p>Auswertung der Systemsicherheit und -stabilit\u00e4t sowie<br \/><br \/>zu weiteren administrativen Zwecken. Die Rechtsgrundlage f\u00fcr die Datenverarbeitung ist Art. 6 Abs. 1 lit. f DSGVO.<\/p><p>Unser berechtigtes Interesse folgt aus oben aufgelisteten Zwecken zur Datenerhebung. In keinem Fall verwenden wir die erhobenen Daten zu dem Zweck, R\u00fcckschl\u00fcsse auf Ihre Person zu ziehen.<\/p><p>Dar\u00fcber hinaus setzen wir beim Besuch unserer Website Cookies sowie Analysedienste ein. N\u00e4here Erl\u00e4uterungen dazu erhalten Sie unten.<\/p><h3><strong>WEITERGABE VON DATEN<\/strong><\/h3><p>Eine \u00dcbermittlung Ihrer pers\u00f6nlichen Daten an Dritte zu anderen als den im Folgenden aufgef\u00fchrten Zwecken findet nicht statt. Wir geben Ihre pers\u00f6nlichen Daten nur an Dritte weiter, wenn:<\/p><p>Sie Ihre nach Art. 6 Abs. 1 lit. a DSGVO ausdr\u00fcckliche Einwilligung dazu erteilt haben,<\/p><p>die Weitergabe nach Art. 6 Abs. 1 lit. f DSGVO zur Wahrung unserer berechtigten Interessen oder der berechtigten Interessen eines Dritten erforderlich ist und kein Grund zur Annahme besteht, dass Sie ein \u00fcberwiegendes schutzw\u00fcrdiges Interesse an der Nichtweitergabe Ihrer Daten haben,<\/p><p>f\u00fcr den Fall, dass f\u00fcr die Weitergabe nach Art. 6 Abs. 1 lit. c DSGVO eine gesetzliche Verpflichtung besteht, sowie<\/p><p>dies gesetzlich zul\u00e4ssig und nach Art. 6 Abs. 1 lit. b DSGVO f\u00fcr die Abwicklung von Vertragsverh\u00e4ltnissen mit Ihnen erforderlich ist.<\/p><h3><strong>EINSATZ VON GOOGLE-ANALYTICS<\/strong><\/h3><p>Zum Zwecke der bedarfsgerechten Gestaltung und fortlaufenden Optimierung unserer Seiten nutzen wir auf Grundlage des Art. 6 Abs. 1 lit. f DSGVO den Dienst Google Analytics, ein Webanalysedienst der Google Inc. (www.google.de\/intl\/de\/about) (1600 Amphitheatre Parkway, Mountain View, CA 94043, USA; im Folgenden \u201eGoogle\u201c). In diesem Zusammenhang werden pseudonymisierte Nutzungsprofile erstellt und Cookies verwendet. Bei Cookies handelt es sich um kleine Dateien, die Ihr Browser automatisch erstellt und die auf Ihrem Endger\u00e4t (Laptop, Tablet, Smartphone o.\u00e4.) gespeichert werden, wenn Sie unsere Seite besuchen. Cookies richten auf Ihrem Endger\u00e4t keinen Schaden an, enthalten keine Viren, Trojaner oder sonstige Schadsoftware. Die durch den Cookie erzeugten Informationen \u00fcber Ihre Benutzung dieser Website wie<\/p><p>Browser-Typ\/-Version,<\/p><p>verwendetes Betriebssystem,<\/p><p>Referrer-URL (die zuvor besuchte Seite),<\/p><p>Hostname des zugreifenden Rechners (IP-Adresse),<\/p><p>Uhrzeit der Serveranfrage,<\/p><p>werden an einen Server von Google in den USA \u00fcbertragen und dort gespeichert. Die Informationen werden verwendet, um die Nutzung der Website auszuwerten, um Reports \u00fcber die Websiteaktivit\u00e4ten zusammenzustellen und um weitere mit der Websitenutzung und der Internetnutzung verbundene Dienstleistungen zu Zwecken der Marktforschung und bedarfsgerechten Gestaltung dieser Internetseiten zu erbringen. Auch werden diese Informationen gegebenenfalls an Dritte \u00fcbertragen, sofern dies gesetzlich vorgeschrieben ist oder soweit Dritte diese Daten im Auftrag verarbeiten. Es wird in keinem Fall Ihre IP-Adresse mit anderen Daten von Google zusammengef\u00fchrt.<\/p><p>Sie k\u00f6nnen die Installation der Cookies durch eine entsprechende Einstellung der Browser-Software verhindern; wir weisen jedoch darauf hin, dass in diesem Fall gegebenenfalls nicht s\u00e4mtliche Funktionen dieser Website vollumf\u00e4nglich genutzt werden k\u00f6nnen. Sie k\u00f6nnen dar\u00fcber hinaus die Erfassung der durch das Cookie erzeugten und auf Ihre Nutzung der<\/p><p>Website bezogenen Daten (inkl. Ihrer IP-Adresse) sowie die Verarbeitung dieser Daten durch Google verhindern, indem Sie ein Browser-Add-on herunterladen und installieren.<\/p><p>Weitere Informationen zum Datenschutz im Zusammenhang mit Google Analytics finden Sie etwa in der Google Analytics-Hilfe.<\/p><h3><strong>NEWSLETTER UND KONTAKTFORMULARE<\/strong><\/h3><p>Wir bieten die M\u00f6glichkeit, sich per Kontaktformulare f\u00fcr unsere Angebote anzumelden und sich per Newsletter \u00fcber Neuerungen auf unserer Webseite zu<\/p><p>informieren. Hierf\u00fcr ben\u00f6tigen wir ausschlie\u00dflich Ihre E-Mail-Adresse.<\/p><p>Wenn Sie zu einem sp\u00e4teren Zeitpunkt den Newsletter nicht mehr beziehen m\u00f6chten, ist dies \u00fcber eine einfache E-Mail Abmeldung m\u00f6glich. Rechtsgrundlage f\u00fcr die Verarbeitung der Daten nach Anmeldung zum Newsletter durch den Nutzer ist die Einwilligung des Nutzers, Art. 6 Abs. 1 lit. a DSGVO.<\/p><h3><strong>FOTOHINWEIS VERANSTALTUNGEN DER TENNIS ACADEMY<\/strong><\/h3><p>W\u00e4hrend Veranstaltungen der Dejan Malic Tennis Academy werden Foto- und Filmaufnahmen gemacht und diese Aufnahmen im Zusammenhang mit der Veranstaltung f\u00fcr die \u00d6ffentlichkeitsarbeit und die Dokumentation, analog und digital, verwendet. Ver\u00f6ffentlicht werden die Bilder auf der Homepage der Dejan Malic Tennis Academy. so wie auf dessen Social Media-Kan\u00e4le (Facebook und Instagram). Die Aufnahmen werden nur bei Widerruf gel\u00f6scht.<\/p><h3><strong>SOCIAL PLUGINS \u2013 FACEBOOK<\/strong><\/h3><p>Auf dieser Webseite werden sog. Social Plugins des sozialen Netzwerkes facebook.com verwendet, das von der Facebook Inc., 1601 S. California Ave, Palo Alto, CA 94304, USA, betrieben wird (\u201cFacebook\u201d). Sie sind i.d.R. an dem \u201cDaumenhoch\u201d Zeichen erkennbar. Eine \u00dcbersicht \u00fcber die Social Plugins von Facebook erhalten Sie hier: http:\/\/developers.facebook.com\/plugins.<\/p><p>Beim Aufruf dieser Webseite wird eine Verbindung zwischen Ihrem Browser und den Servern von Facebook aufgebaut. Der Inhalt des Plugins wird von Facebook direkt an Ihren Browser \u00fcbermittelt und von diesem in die Webseite eingebunden. Wir haben daher leider weder Einfluss noch Kenntnis \u00fcber den Umfang der Daten, die Facebook mit Hilfe dieses Plugins erhebt.<\/p><p>Durch die Einbindung der Plugins erh\u00e4lt Facebook die Information, dass ein Nutzer die<\/p><p>entsprechende Seite des Angebots aufgerufen hat. Wenn Sie bei Facebook eingeloggt sind, kann Facebook den Besuch Ihrem Facebook-Konto zuordnen. Wenn Sie die Plugins anw\u00e4hlen<\/p><p>(anklicken), wird die entsprechende Information von Ihrem Browser direkt an Facebook \u00fcbermittelt und dort gespeichert. Auch wenn Sie kein Mitglied bei Facebook sind, ist es m\u00f6glich, dass Facebook Ihre IP-Adresse in Erfahrung bringt und speichert. Laut Facebook wird in Deutschland die IP-Adresse jedoch nur anonymisiert gespeichert.<\/p><p>Weitere Hinweise zum Zweck und Umfang der Datenerhebung und die weitere Verarbeitung und Nutzung der Daten durch Facebook nebst Informationen \u00fcber Rechte und Einstellungsm\u00f6glichkeiten erhalten Sie hier: http:\/\/www.facebook.com\/policy.php.<\/p><p>Es ist zudem m\u00f6glich, Facebook-Social-Plugins mit Addons f\u00fcr Ihren Browser zu blocken, zum<\/p><p>Beispiel mit dem \u201cFacebook Blocker\u201d oder das Addon \u201cAdBlock Plus\u201d f\u00fcr Firefox. Weitere Infos hierzu unter http:\/\/t3n.de\/news\/blockierstfacebooktracking345091\/.<\/p><h3><strong>BETROFFENENRECHTE<\/strong><\/h3><p>Sie haben das Recht:<\/p><p>gem\u00e4\u00df Art. 15 DSGVO Auskunft \u00fcber Ihre von uns verarbeiteten personenbezogenen Daten zu verlangen;<\/p><p>gem\u00e4\u00df Art. 16 DSGVO unverz\u00fcglich die Berichtigung unrichtiger oder Vervollst\u00e4ndigung Ihrer bei uns gespeicherten personenbezogenen Daten zu verlangen;<\/p><p>gem\u00e4\u00df Art. 17 DSGVO die L\u00f6schung Ihrer bei uns gespeicherten personenbezogenen Daten zu verlangen;<\/p><p>gem\u00e4\u00df Art. 18 DSGVO die Einschr\u00e4nkung der Verarbeitung Ihrer personenbezogenen Daten zu verlangen;<\/p><p>gem\u00e4\u00df Art. 20 DSGVO Ihre personenbezogenen Daten, die Sie uns bereitgestellt haben, in einem strukturierten, g\u00e4ngigen und maschinenlesebaren Format zu erhalten oder die \u00dcbermittlung an einen anderen Verantwortlichen zu verlangen; und<\/p><p>gem\u00e4\u00df Art. 77 DSGVO sich bei einer Aufsichtsbeh\u00f6rde zu beschweren. In der Regel k\u00f6nnen Sie sich hierf\u00fcr an die Aufsichtsbeh\u00f6rde Ihres \u00fcblichen Aufenthaltsortes oder Arbeitsplatzes oder unseres Gesch\u00e4ftssitzes wenden.<\/p><h3><strong>WIDERSPRUCHSRECHT<\/strong><\/h3><p>Sofern Ihre personenbezogenen Daten auf Grundlage von berechtigten Interessen gem\u00e4\u00df Art. 6 Abs. 1 lit. f DSGVO verarbeitet werden, haben Sie das Recht, gem\u00e4\u00df Art. 21 DSGVO Widerspruch gegen die Verarbeitung Ihrer personenbezogenen Daten einzulegen, soweit daf\u00fcr Gr\u00fcnde vorliegen, die sich aus Ihrer besonderen Situation ergeben oder sich der Widerspruch gegen Direktwerbung richtet. Im letzteren Fall haben Sie ein generelles Widerspruchsrecht, das ohne Angabe einer besonderen Situation von uns umgesetzt wird. M\u00f6chten Sie von Ihrem Widerrufs- oder Widerspruchsrecht Gebrauch machen, gen\u00fcgt eine E-Mail an mailto:kontakt@dejanmalic-tennisacademy.com.<\/p><h3><strong>\u00c4NDERUNGEN DIESER DATENSCHUTZERKL\u00c4RUNG<\/strong><\/h3><p>Diese Datenschutzerkl\u00e4rung ist aktuell g\u00fcltig. Durch die Weiterentwicklung unserer Website und Angebote dar\u00fcber oder aufgrund ge\u00e4nderter gesetzlicher beziehungsweise beh\u00f6rdlicher Vorgaben kann es notwendig werden, diese Datenschutzerkl\u00e4rung zu \u00e4ndern. Die jeweils aktuelle Datenschutzerkl\u00e4rung kann jederzeit auf der Website unter Datenschutzerkl\u00e4rung von Ihnen abgerufen und ausgedruckt werden.<\/p><p>Stand: 31.03.2019<\/p>\t\t\t\t\t\t<\/div>\n\t\t\t\t<\/div>\n\t\t\t\t\t<\/div>\n\t\t<\/div>\n\t\t\t\t\t\t\t<\/div>\n\t\t<\/section>\n\t\t\t\t<section class=\"elementor-section elementor-top-section elementor-element elementor-element-8150c14 elementor-section-boxed elementor-section-height-default elementor-section-height-default\" data-id=\"8150c14\" data-element_type=\"section\">\n\t\t\t\t\t\t<div class=\"elementor-container elementor-column-gap-default\">\n\t\t\t\t\t<div class=\"elementor-column elementor-col-100 elementor-top-column elementor-element elementor-element-c8cecfc\" data-id=\"c8cecfc\" data-element_type=\"column\">\n\t\t\t<div class=\"elementor-widget-wrap elementor-element-populated\">\n\t\t\t\t\t\t\t\t<div class=\"elementor-element elementor-element-e21bfbb elementor-widget elementor-widget-spacer\" data-id=\"e21bfbb\" data-element_type=\"widget\" data-widget_type=\"spacer.default\">\n\t\t\t\t<div class=\"elementor-widget-container\">\n\t\t\t\t\t<div class=\"elementor-spacer\">\n\t\t\t<div class=\"elementor-spacer-inner\"><\/div>\n\t\t<\/div>\n\t\t\t\t<\/div>\n\t\t\t\t<\/div>\n\t\t\t\t<div class=\"elementor-element elementor-element-a6f52b1 elementor-align-center elementor-widget elementor-widget-button\" data-id=\"a6f52b1\" data-element_type=\"widget\" data-widget_type=\"button.default\">\n\t\t\t\t<div class=\"elementor-widget-container\">\n\t\t\t\t\t<div class=\"elementor-button-wrapper\">\n\t\t\t<a href=\"\/\" class=\"elementor-button-link elementor-button elementor-size-sm\" role=\"button\">\n\t\t\t\t\t\t<span class=\"elementor-button-content-wrapper\">\n\t\t\t\t\t\t<span class=\"elementor-button-text\">zur\u00fcck zur startseite<\/span>\n\t\t<\/span>\n\t\t\t\t\t<\/a>\n\t\t<\/div>\n\t\t\t\t<\/div>\n\t\t\t\t<\/div>\n\t\t\t\t<div class=\"elementor-element elementor-element-8b57f10 elementor-widget elementor-widget-spacer\" data-id=\"8b57f10\" data-element_type=\"widget\" data-widget_type=\"spacer.default\">\n\t\t\t\t<div class=\"elementor-widget-container\">\n\t\t\t\t\t<div class=\"elementor-spacer\">\n\t\t\t<div class=\"elementor-spacer-inner\"><\/div>\n\t\t<\/div>\n\t\t\t\t<\/div>\n\t\t\t\t<\/div>\n\t\t\t\t\t<\/div>\n\t\t<\/div>\n\t\t\t\t\t\t\t<\/div>\n\t\t<\/section>\n\t\t\t\t\t\t\t<\/div>\n\t\t","protected":false},"excerpt":{"rendered":"<p>Impressum DEJAN MALIC TENNIS ACADEMY Der Schutz Ihrer Privatsph\u00e4re bei der Verarbeitung pers\u00f6nlicher Daten ist f\u00fcr uns ein wichtiges Anliegen. Wir erheben, verarbeiten und nutzen Ihre pers\u00f6nlichen Daten ausschlie\u00dflich in \u00dcbereinstimmung mit den nachfolgend beschriebenen Grunds\u00e4tzen und unter Beachtung der anwendbaren Datenschutzgesetze. NAME UND KONTAKTDATEN DES F\u00dcR DIE VERARBEITUNG VERANTWORTLICHEN Diese Datenschutz-Information gilt f\u00fcr die &hellip;<\/p>\n<p class=\"read-more\"> <a class=\"\" href=\"https:\/\/www.dejanmalic-tennisacademy.com\/index.php\/datenschutz\/\"> <span class=\"screen-reader-text\">Datenschutz<\/span> Read More &raquo;<\/a><\/p>\n","protected":false},"author":1,"featured_media":0,"parent":0,"menu_order":0,"comment_status":"closed","ping_status":"closed","template":"elementor_header_footer","meta":{"site-sidebar-layout":"no-sidebar","site-content-layout":"page-builder","ast-global-header-display":"","ast-main-header-display":"","ast-hfb-above-header-display":"","ast-hfb-below-header-display":"","ast-hfb-mobile-header-display":"","site-post-title":"disabled","ast-breadcrumbs-content":"","ast-featured-img":"disabled","footer-sml-layout":"","theme-transparent-header-meta":"","adv-header-id-meta":"","stick-header-meta":"","header-above-stick-meta":"","header-main-stick-meta":"","header-below-stick-meta":"","footnotes":""},"class_list":["post-1052","page","type-page","status-publish","hentry"],"_links":{"self":[{"href":"https:\/\/www.dejanmalic-tennisacademy.com\/index.php\/wp-json\/wp\/v2\/pages\/1052","targetHints":{"allow":["GET"]}}],"collection":[{"href":"https:\/\/www.dejanmalic-tennisacademy.com\/index.php\/wp-json\/wp\/v2\/pages"}],"about":[{"href":"https:\/\/www.dejanmalic-tennisacademy.com\/index.php\/wp-json\/wp\/v2\/types\/page"}],"author":[{"embeddable":true,"href":"https:\/\/www.dejanmalic-tennisacademy.com\/index.php\/wp-json\/wp\/v2\/users\/1"}],"replies":[{"embeddable":true,"href":"https:\/\/www.dejanmalic-tennisacademy.com\/index.php\/wp-json\/wp\/v2\/comments?post=1052"}],"version-history":[{"count":4,"href":"https:\/\/www.dejanmalic-tennisacademy.com\/index.php\/wp-json\/wp\/v2\/pages\/1052\/revisions"}],"predecessor-version":[{"id":1057,"href":"https:\/\/www.dejanmalic-tennisacademy.com\/index.php\/wp-json\/wp\/v2\/pages\/1052\/revisions\/1057"}],"wp:attachment":[{"href":"https:\/\/www.dejanmalic-tennisacademy.com\/index.php\/wp-json\/wp\/v2\/media?parent=1052"}],"curies":[{"name":"wp","href":"https:\/\/api.w.org\/{rel}","templated":true}]}}